{"id":75230,"date":"2019-07-24T00:03:19","date_gmt":"2019-07-23T22:03:19","guid":{"rendered":"https:\/\/koeln-ringelmann.de\/?page_id=75230"},"modified":"2025-03-23T18:17:29","modified_gmt":"2025-03-23T17:17:29","slug":"impressum","status":"publish","type":"page","link":"https:\/\/koeln-ringelmann.de\/?page_id=75230","title":{"rendered":"Impressum"},"content":{"rendered":"<p>[vc_row][vc_column][vc_column_text css=&#8220;.vc_custom_1742750232462{margin-top: 30px !important;}&#8220;]<strong>K\u00f6ln &amp; Ringelmann Bauunternehmen GmbH<\/strong><br \/>\nWermelskirchener Str. 19b<br \/>\n42859 Remscheid<\/p>\n<p>HRB 23646 &#8211; Amtsgericht Wuppertal<br \/>\nSteuerNr.: 126\/5740\/1105<br \/>\nUSt.-ID-Nr.: DE278208590<\/p>\n<p>Gesch\u00e4ftsf\u00fchrer:<br \/>\nJulia K\u00f6ln, Michael Ringelmann<\/p>\n<p>Telefon: +49 (0) 2191 4611594<\/p>\n<p>info@koeln-ringelmann.de<br \/>\nkoeln-ringelmann.de[\/vc_column_text][\/vc_column][\/vc_row]<\/p>\n","protected":false},"excerpt":{"rendered":"<p>[vc_row][vc_column][vc_column_text css=&#8220;.vc_custom_1742750232462{margin-top: 30px !important;}&#8220;]K\u00f6ln &amp; Ringelmann Bauunternehmen GmbH Wermelskirchener Str. 19b 42859 Remscheid HRB 23646 &#8211; Amtsgericht Wuppertal SteuerNr.: 126\/5740\/1105 USt.-ID-Nr.: DE278208590 Gesch\u00e4ftsf\u00fchrer: Julia K\u00f6ln, Michael Ringelmann Telefon: +49 (0) 2191 4611594 info@koeln-ringelmann.de koeln-ringelmann.de[\/vc_column_text][\/vc_column][\/vc_row]<\/p>\n","protected":false},"author":1,"featured_media":0,"parent":0,"menu_order":0,"comment_status":"closed","ping_status":"closed","template":"","meta":{"footnotes":""},"class_list":["post-75230","page","type-page","status-publish","hentry"],"_links":{"self":[{"href":"https:\/\/koeln-ringelmann.de\/index.php?rest_route=\/wp\/v2\/pages\/75230","targetHints":{"allow":["GET"]}}],"collection":[{"href":"https:\/\/koeln-ringelmann.de\/index.php?rest_route=\/wp\/v2\/pages"}],"about":[{"href":"https:\/\/koeln-ringelmann.de\/index.php?rest_route=\/wp\/v2\/types\/page"}],"author":[{"embeddable":true,"href":"https:\/\/koeln-ringelmann.de\/index.php?rest_route=\/wp\/v2\/users\/1"}],"replies":[{"embeddable":true,"href":"https:\/\/koeln-ringelmann.de\/index.php?rest_route=%2Fwp%2Fv2%2Fcomments&post=75230"}],"version-history":[{"count":7,"href":"https:\/\/koeln-ringelmann.de\/index.php?rest_route=\/wp\/v2\/pages\/75230\/revisions"}],"predecessor-version":[{"id":75641,"href":"https:\/\/koeln-ringelmann.de\/index.php?rest_route=\/wp\/v2\/pages\/75230\/revisions\/75641"}],"wp:attachment":[{"href":"https:\/\/koeln-ringelmann.de\/index.php?rest_route=%2Fwp%2Fv2%2Fmedia&parent=75230"}],"curies":[{"name":"wp","href":"https:\/\/api.w.org\/{rel}","templated":true}]}}