{"id":71000,"date":"2015-03-03T10:05:40","date_gmt":"2015-03-03T10:05:40","guid":{"rendered":"http:\/\/structure.thememove.com\/?page_id=161"},"modified":"2022-10-26T21:53:26","modified_gmt":"2022-10-26T19:53:26","slug":"homepage-02","status":"publish","type":"page","link":"https:\/\/koeln-ringelmann.de\/","title":{"rendered":"Homepage 02"},"content":{"rendered":"<p>[vc_row type=&#8220;full_width&#8220;][vc_column][rev_slider_vc alias=&#8220;homepage-02&#8243;][\/vc_column][\/vc_row][vc_row background_color=&#8220;#ffffff&#8220; el_class=&#8220;align-center&#8220; css=&#8220;.vc_custom_1563904372806{padding-top: 35px !important;}&#8220;][vc_column][vc_custom_heading text=&#8220;Wer sind wir?&#8220; font_container=&#8220;tag:h2|text_align:left|color:%23111111&#8243; el_class=&#8220;heading-title-2&#8243; css=&#8220;.vc_custom_1563890100468{margin-bottom: 30px !important;}&#8220;][\/vc_column][\/vc_row][vc_row el_class=&#8220;who&#8220;][vc_column width=&#8220;2\/3&#8243;][vc_row_inner][vc_column_inner width=&#8220;5\/12&#8243;][vc_column_text el_class=&#8220;align-left&#8220;]<img loading=\"lazy\" decoding=\"async\" src=\"\/wp-content\/uploads\/2022\/10\/photo01.jpg\" alt=\"\" width=\"300\" height=\"263\" \/>[\/vc_column_text][\/vc_column_inner][vc_column_inner width=&#8220;7\/12&#8243;][vc_column_text el_class=&#8220;align-left&#8220;]<\/p>\n<h3>Struktur \u2013 Eine Tradition der Exzellenz<\/h3>\n<p>Eingebettet in unsere Kultur der harten Arbeit, der Ehrlichkeit und der guten Arbeit erz\u00e4hlt unsere Geschichte nicht nur viel \u00fcber unsere Vergangenheit, sondern auch \u00fcber unsere Gegenwart. Unsere Erfolgsgeschichte, unser \u00dcberleben und unser Bestreben, der Beste zu sein, ist von zentraler Bedeutung f\u00fcr unseren heutigen Ruf.<\/p>\n<p>Mit dem Slogan \u201eEine nachhaltige Zukunft schaffen durch Geb\u00e4udeerhaltung, gr\u00fcne Architektur und intelligentes Design\u201c versuchen wir, ein Traumhaus f\u00fcr Kunden zu bauen.[\/vc_column_text][vc_btn title=&#8220;Mehr erfahren&#8220; style=&#8220;outline&#8220; shape=&#8220;square&#8220;][\/vc_column_inner][\/vc_row_inner][\/vc_column][vc_column width=&#8220;1\/3&#8243;][vc_column_text el_class=&#8220;align-left&#8220;]<\/p>\n<div class=\"consulting\">\n<p><img loading=\"lazy\" decoding=\"async\" src=\"\/wp-content\/uploads\/2022\/10\/photo20.jpg\" alt=\"\" width=\"370\" height=\"200\" \/><\/p>\n<div class=\"info\">\n<div>\n<h5>Unverbindliche Beratung<\/h5>\n<h4>Bei uns m\u00f6glich!<\/h4>\n<\/div>\n<\/div>\n<\/div>\n<p>Sind Sie verwirrt? Besorgen Sie sich nicht. Wir bieten Ihnen eine kostenlose Beratung an.[\/vc_column_text][\/vc_column][\/vc_row][vc_row background_color=&#8220;#f8f8f8&#8243; el_class=&#8220;align-center services services-alt&#8220; css=&#8220;.vc_custom_1433409773100{padding-top: 60px !important;padding-bottom: 25px !important;}&#8220;][vc_column][vc_custom_heading text=&#8220;Unsere Dienstleistungen&#8220; font_container=&#8220;tag:h2|text_align:left|color:%23111111&#8243; el_class=&#8220;heading-title-2&#8243;][vc_row_inner][vc_column_inner width=&#8220;1\/2&#8243;][vc_icon icon_fontawesome=&#8220;fa fa-long-arrow-up&#8220; color=&#8220;white&#8220; background_style=&#8220;boxed&#8220; background_color=&#8220;orange&#8220; size=&#8220;lg&#8220;][vc_column_text]<\/p>\n<h3>Hochbau<\/h3>\n<ul>\n<li>Beton,- Stahlbeton,- Schalungs,- Mauerarbeiten<\/li>\n<li>Ein- und Mehrfamilienh\u00e4user<\/li>\n<li>Anbauten an bestehenden Geb\u00e4uden<\/li>\n<li>Kellerabdichtungen<\/li>\n<li>W\u00e4rme, Energieeinsparung<\/li>\n<\/ul>\n<p>[\/vc_column_text][vc_icon icon_fontawesome=&#8220;fa fa-long-arrow-down&#8220; color=&#8220;white&#8220; background_style=&#8220;boxed&#8220; background_color=&#8220;orange&#8220; size=&#8220;lg&#8220;][vc_column_text]<\/p>\n<h3>Tiefbau<\/h3>\n<ul>\n<li>Baugrunduntersuchung<\/li>\n<li>Ausschachtungen<\/li>\n<li>Abriss von Altgeb\u00e4uden<\/li>\n<li>Erdbewegungen aller Art<\/li>\n<li>Au\u00dfenanlagen nach Ihren W\u00fcnschen gestalten<\/li>\n<li>Pflasterarbeiten<\/li>\n<\/ul>\n<p>[\/vc_column_text][\/vc_column_inner][vc_column_inner width=&#8220;1\/2&#8243;][vc_icon icon_fontawesome=&#8220;fa fa-home&#8220; color=&#8220;white&#8220; background_style=&#8220;boxed&#8220; background_color=&#8220;orange&#8220; size=&#8220;lg&#8220;][vc_column_text]<\/p>\n<h3>Wohnungsbau\/ Sanierung<\/h3>\n<ul>\n<li>Abbrucharbeiten<\/li>\n<li>Stabilisierung der tragenden Konstruktion<\/li>\n<li>Mauerarbeiten<\/li>\n<li>Betonarbeiten<\/li>\n<li>Putzarbeiten<\/li>\n<li>Trockenbau<\/li>\n<\/ul>\n<p>[\/vc_column_text][vc_icon icon_fontawesome=&#8220;fa fa-key&#8220; color=&#8220;white&#8220; background_style=&#8220;boxed&#8220; background_color=&#8220;orange&#8220; size=&#8220;lg&#8220;][vc_column_text]<\/p>\n<h3>Altbausanierung<\/h3>\n<ul>\n<li>Sanierung denkmalgesch\u00fctzter Bauwerke<\/li>\n<li>Sanierung von nassen Kellern<\/li>\n<li>Wohnungsumnutzungen, Um- und Anbauten<\/li>\n<li>Einbau von Stahlabfangtr\u00e4gern<\/li>\n<li>Abbrucharbeiten<\/li>\n<li>Bodenbeschichtungen<\/li>\n<li>Fliesenarbeiten<\/li>\n<li>W\u00e4rmed\u00e4mmverbundsystem WDVS<\/li>\n<li>Putz- und Trockenbauarbeiten<\/li>\n<\/ul>\n<p>[\/vc_column_text][\/vc_column_inner][\/vc_row_inner][\/vc_column][\/vc_row][vc_row background_color=&#8220;#ffffff&#8220; el_class=&#8220;offer&#8220;][vc_column width=&#8220;1\/2&#8243;][vc_custom_heading text=&#8220;Warum wir?&#8220; font_container=&#8220;tag:h3|font_size:20|text_align:left|color:%23111111&#8243; el_class=&#8220;heading-title&#8220;][vc_accordion][vc_accordion_tab title=&#8220;Wir sind kreativ&#8220;][vc_column_text]Als f\u00fchrendes Unternehmen unserer Branche haben wir immer daran gearbeitet, fortschrittliche Technologie und innovative Methoden zu entwickeln.[\/vc_column_text][\/vc_accordion_tab][vc_accordion_tab title=&#8220;Ehrlich und zuverl\u00e4ssig&#8220;][vc_column_text]Unsere Expertenteams werden speziell f\u00fcr jeden Kunden ausgew\u00e4hlt. Sie sind hoch qualifiziert und nutzen Kreativit\u00e4t, um Probleme kreativ zu l\u00f6sen.[\/vc_column_text][\/vc_accordion_tab][vc_accordion_tab title=&#8220;Qualit\u00e4tsverpflichtung&#8220;][vc_column_text]Wir lassen unsere Qualit\u00e4t Arbeit und Engagement f\u00fcr Kundenzufriedenheit unser Motto sein.[\/vc_column_text][\/vc_accordion_tab][vc_accordion_tab title=&#8220;Wir verbessern uns stetig&#8220;][vc_column_text]Wir bem\u00fchen uns, die Bed\u00fcrfnisse der Welt von heute zu erf\u00fcllen, ohne die Bed\u00fcrfnisse der Welt von morgen zu gef\u00e4hrden.[\/vc_column_text][\/vc_accordion_tab][\/vc_accordion][\/vc_column][vc_column width=&#8220;1\/2&#8243;][vc_custom_heading text=&#8220;Unser B\u00fcro&#8220; font_container=&#8220;tag:h3|font_size:20|text_align:left|color:%23111111&#8243; el_class=&#8220;heading-title&#8220;][vc_single_image image=&#8220;75593&#8243; img_size=&#8220;full&#8220;][\/vc_column][\/vc_row]<\/p>\n","protected":false},"excerpt":{"rendered":"<p>[vc_row type=&#8220;full_width&#8220;][vc_column][rev_slider_vc alias=&#8220;homepage-02&#8243;][\/vc_column][\/vc_row][vc_row background_color=&#8220;#ffffff&#8220; el_class=&#8220;align-center&#8220; css=&#8220;.vc_custom_1563904372806{padding-top: 35px !important;}&#8220;][vc_column][vc_custom_heading text=&#8220;Wer sind wir?&#8220; font_container=&#8220;tag:h2|text_align:left|color:%23111111&#8243; el_class=&#8220;heading-title-2&#8243; css=&#8220;.vc_custom_1563890100468{margin-bottom: 30px !important;}&#8220;][\/vc_column][\/vc_row][vc_row el_class=&#8220;who&#8220;][vc_column width=&#8220;2\/3&#8243;][vc_row_inner][vc_column_inner width=&#8220;5\/12&#8243;][vc_column_text el_class=&#8220;align-left&#8220;][\/vc_column_text][\/vc_column_inner][vc_column_inner width=&#8220;7\/12&#8243;][vc_column_text el_class=&#8220;align-left&#8220;] Struktur \u2013 Eine Tradition der Exzellenz Eingebettet in unsere Kultur der harten Arbeit, der Ehrlichkeit und der guten Arbeit erz\u00e4hlt unsere Geschichte nicht nur viel \u00fcber unsere Vergangenheit, sondern auch \u00fcber unsere Gegenwart. [&hellip;]<\/p>\n","protected":false},"author":1,"featured_media":0,"parent":0,"menu_order":0,"comment_status":"closed","ping_status":"closed","template":"","meta":{"footnotes":""},"class_list":["post-71000","page","type-page","status-publish","hentry"],"_links":{"self":[{"href":"https:\/\/koeln-ringelmann.de\/index.php?rest_route=\/wp\/v2\/pages\/71000","targetHints":{"allow":["GET"]}}],"collection":[{"href":"https:\/\/koeln-ringelmann.de\/index.php?rest_route=\/wp\/v2\/pages"}],"about":[{"href":"https:\/\/koeln-ringelmann.de\/index.php?rest_route=\/wp\/v2\/types\/page"}],"author":[{"embeddable":true,"href":"https:\/\/koeln-ringelmann.de\/index.php?rest_route=\/wp\/v2\/users\/1"}],"replies":[{"embeddable":true,"href":"https:\/\/koeln-ringelmann.de\/index.php?rest_route=%2Fwp%2Fv2%2Fcomments&post=71000"}],"version-history":[{"count":63,"href":"https:\/\/koeln-ringelmann.de\/index.php?rest_route=\/wp\/v2\/pages\/71000\/revisions"}],"predecessor-version":[{"id":75612,"href":"https:\/\/koeln-ringelmann.de\/index.php?rest_route=\/wp\/v2\/pages\/71000\/revisions\/75612"}],"wp:attachment":[{"href":"https:\/\/koeln-ringelmann.de\/index.php?rest_route=%2Fwp%2Fv2%2Fmedia&parent=71000"}],"curies":[{"name":"wp","href":"https:\/\/api.w.org\/{rel}","templated":true}]}}